{"id":4014,"date":"2021-04-13T10:22:34","date_gmt":"2021-04-13T08:22:34","guid":{"rendered":"https:\/\/www.dilass.it\/studentforaday\/?page_id=4014"},"modified":"2021-04-16T15:41:42","modified_gmt":"2021-04-16T13:41:42","slug":"tweet","status":"publish","type":"page","link":"https:\/\/www.dilass.it\/studentforaday\/tweet\/","title":{"rendered":"Tweet"},"content":{"rendered":"<div class=\"wpb-content-wrapper\"><p>[vc_row full_width=&#8221;stretch_row_content_no_spaces&#8221; content_placement=&#8221;top&#8221; css=&#8221;.vc_custom_1594824915161{background-color: #ffffff !important;}&#8221;][vc_column css=&#8221;.vc_custom_1595950449185{background-color: #2c304e !important;}&#8221;][vc_row_inner content_placement=&#8221;middle&#8221; css=&#8221;.vc_custom_1594825652727{padding-right: 5% !important;padding-left: 5% !important;}&#8221;][vc_column_inner][vc_empty_space height=&#8221;100px&#8221;][vc_custom_heading text=&#8221;Tweet&#8221; font_container=&#8221;tag:h1|text_align:left|color:%23ffffff&#8221; google_fonts=&#8221;font_family:Playfair%20Display%3Aregular%2Citalic%2C700%2C700italic%2C900%2C900italic|font_style:400%20regular%3A400%3Anormal&#8221;][vc_empty_space height=&#8221;80px&#8221;][\/vc_column_inner][\/vc_row_inner][\/vc_column][\/vc_row][vc_row][vc_column][vc_column_text]<\/p>\n<h2 style=\"text-align: center;\">#HoSceltoDiLASS \u00a0\u00a0\u00a0\u00a0 #\u03b5\u1f55\u03c1\u03b7\u03ba\u03b1DiLASS<\/h2>\n<h2 style=\"text-align: center;\"><\/h2>\n<h2 style=\"text-align: center;\">#Studying@DiLASS<\/h2>\n<h2 style=\"text-align: center;\"><strong>\u00a0<\/strong><\/h2>\n<h2 style=\"text-align: center;\"><strong>Gli studenti del DiLASS si raccontano in un #Tweet: <\/strong><\/h2>\n<h2 style=\"text-align: center;\"><strong>la loro esperienza in un progetto multilingue<\/strong><\/h2>\n<p>[\/vc_column_text][\/vc_column][\/vc_row][vc_row][vc_column css=&#8221;.vc_custom_1618301212893{background-color: #0071bc !important;}&#8221;][vc_column_text]<\/p>\n<h4><\/h4>\n<h4><em>Con l&#8217;occhio critico del filologo, ma con l&#8217;umanit\u00e0 e la passione della poesia, cos\u00ec guardo alla realt\u00e0, grazie agli studi classici.<\/em><\/h4>\n<h4><strong>Martina Pasho &#8211; L.M. Filologia linguistica e letteratura del mondo antico<\/strong><\/h4>\n<h4><\/h4>\n<p>[\/vc_column_text][\/vc_column][\/vc_row][vc_row][vc_column css=&#8221;.vc_custom_1618301120377{background-color: #f39200 !important;}&#8221;][vc_column_text]<\/p>\n<h4><\/h4>\n<h4><em>\u201cOmnia mutantur, nihil interit\u201d (Ovidio, XV, v. 165). \u201cTutto muta, nulla muore\u201d, studiare il mondo classico significa riconoscerci nelle nostre radici e andare alla scoperta del mondo degli antichi seguendo le orme che ci hanno lasciato. Ognuno ha un \u03bd\u03cc\u03c3\u03c4\u03bf\u03c2 e il mio \u00e8 un ritorno alle origini per capire meglio da dove \u00e8 nato ci\u00f2 che mi circonda.<\/em><\/h4>\n<h4><strong>Aurora Cant\u00f3 &#8211; L.M. Filologia e letterature del mondo antico<\/strong><\/h4>\n<p>[\/vc_column_text][\/vc_column][\/vc_row][vc_row][vc_column css=&#8221;.vc_custom_1618301212893{background-color: #0071bc !important;}&#8221;][vc_column_text]<\/p>\n<h4><\/h4>\n<h4><em>For many years I was confused and undecided about my #future. I was thinking about law or music but a little voice in my head constantly said, #CulturalHeritage. I\u2019m keen on these subjects, I love to see #humanhistory from this point of view, to discover how mankind is always the same from #AncientArt to the present \u2013 there are messages and thoughts that remain the same throughout the epochs, from Roman to modern to contemporary #arthistory. I wasn\u2019t happy before; I didn\u2019t feel involved in what I was doing but now I #choosemylife.<\/em><\/h4>\n<h4><strong>Erica Covitti, Beni culturali (Storia dell\u2019arte)<\/strong><\/h4>\n<p>[\/vc_column_text][\/vc_column][\/vc_row][vc_row][vc_column css=&#8221;.vc_custom_1618301120377{background-color: #f39200 !important;}&#8221;][vc_column_text]<\/p>\n<h4><\/h4>\n<h4><em>Che in passato \u00e8 avvenuto e che un giorno potr\u00e0 pure avvenire, secondo l&#8217;umana vicenda, in maniera uguale o molto simile (Tucidide, Storie) . Questa citazione di Tucidide rispecchia la mia scelta di studiare un mondo tanto antico quanto affascinante, il quale descrive eventi e tematiche che a mio avviso risulteranno attuali \u1f10\u03c2 \u1f00\u03b5\u03af.<\/em><\/h4>\n<h4><strong>Pietro Marinangeli &#8211; L.M. Filologia linguistica e letteratura del mondo antico<\/strong><\/h4>\n<p>[\/vc_column_text][\/vc_column][\/vc_row][vc_row][vc_column css=&#8221;.vc_custom_1618301212893{background-color: #0071bc !important;}&#8221;][vc_column_text]<\/p>\n<h4><\/h4>\n<h4><em>#ArtHistory is important to me because I believe that #Art helps you live better and opens your #Mind. Studying art in a historical perspective is important, it makes you understand how techniques and other aspects developed. <\/em><\/h4>\n<h4>#artisevolution #artsopensyourmind<\/h4>\n<h4><strong>Martina Zangari, Beni culturali (Storia dell\u2019arte)<\/strong><\/h4>\n<p>[\/vc_column_text][\/vc_column][\/vc_row][vc_row][vc_column css=&#8221;.vc_custom_1618301120377{background-color: #f39200 !important;}&#8221;][vc_column_text]<\/p>\n<h4><\/h4>\n<h4><em>#Archaeology is important because only through research can some gaps in #History be filled. and a better understanding of our past helps us to face our future.<\/em><\/h4>\n<h4>#Archaeologyforthefuture<\/h4>\n<h4><strong>Chiara Zuccarini, Beni culturali (Archeologia)<\/strong><\/h4>\n<p>[\/vc_column_text][\/vc_column][\/vc_row][vc_row][vc_column css=&#8221;.vc_custom_1618301212893{background-color: #0071bc !important;}&#8221;][vc_column_text]<\/p>\n<h4><\/h4>\n<h4><em>Intraprendere un percorso universitario umanistico implica non poche incertezze, a iniziare da quella concreta della prospettiva lavorativa futura. A quasi pi\u00f9 di met\u00e0 del mio percorso di studio posso dire di non averle perse, quelle incertezze, ma di aver scoperto posti meravigliosi e luoghi (in senso letterario) che mi hanno arricchita e armata di maggiore curiosit\u00e0 e grande senso di orientamento. Ho deciso di continuare a saziare la mia fame di conoscenza del mondo antico quindi, qualunque sia il luogo al quale approder\u00f2. P.P.Pasolini ha detto &#8220;che bisogna essere folli per essere chiari&#8221;, e io assecondo questa follia praticando una strada incerta, certa per\u00f2, di arrivare a godere di un panorama fantastico.\u00a0<\/em><\/h4>\n<h4><strong>Sara Scudiero &#8211; LM in Filologia Linguistica<\/strong><\/h4>\n<p>[\/vc_column_text][\/vc_column][\/vc_row][vc_row][vc_column css=&#8221;.vc_custom_1618301120377{background-color: #f39200 !important;}&#8221;][vc_column_text]<\/p>\n<h4><\/h4>\n<h4><em>#Art, #ArtHistory and #Archeology are important to us, because they take us back to the past and allow us to understand different customs \u2013 habits, clothes, tools, everyday life.<\/em><\/h4>\n<h4>#ILOVEART #ARTISLIFE<\/h4>\n<h4><strong>Sharon Vespasiano, Beni culturali (Storia dell\u2019arte)<\/strong><\/h4>\n<p>[\/vc_column_text][\/vc_column][\/vc_row][vc_row][vc_column css=&#8221;.vc_custom_1618301212893{background-color: #0071bc !important;}&#8221;][vc_column_text]<\/p>\n<h4><\/h4>\n<h4><em>Until a year ago, so before covid-19, I was a circus artist. Thanks to this unfortunate stop I found the courage to start studying. I dream of becoming an art director: for this reason I chose to study cultural heritage, because you cannot create new art without knowing the great art of the past<\/em><\/h4>\n<h4>#luckyloser #hopeisthelasttodie #artismyhope<\/h4>\n<h4><strong>Luna Rossi, Beni culturali (Storia dell\u2019arte)<\/strong><\/h4>\n<p>[\/vc_column_text][\/vc_column][\/vc_row][vc_row][vc_column css=&#8221;.vc_custom_1618301120377{background-color: #f39200 !important;}&#8221;][vc_column_text]<\/p>\n<h4><\/h4>\n<h4><em>I chose\u00a0to study #CulturalHeritage because I have always been curious about the #History of the peoples of the world. Why are we what we are? The past is the answer to all our present questions. The past can help us build the future. <\/em><\/h4>\n<h4>#thepastinthefuture<\/h4>\n<h4><strong>Melissa De Melis, Beni culturali (Archeologia)<\/strong><\/h4>\n<p>[\/vc_column_text][\/vc_column][\/vc_row][vc_row][vc_column css=&#8221;.vc_custom_1618301212893{background-color: #0071bc !important;}&#8221;][vc_column_text]<\/p>\n<h4><\/h4>\n<h4><em>I chose #CulturalHeritage because I love art and I want to learn everything about it, I\u2019m curious and I love #Museums and #Exhibitions. In my opinion it\u2019s important to teach and share the beauty of our #Heritage. <\/em><\/h4>\n<h4>#beautysavestheworld<\/h4>\n<h4><strong>Debora Di Donato, Beni culturali (Storia dell\u2019arte)<\/strong><\/h4>\n<p>[\/vc_column_text][\/vc_column][\/vc_row][vc_row][vc_column css=&#8221;.vc_custom_1618301120377{background-color: #f39200 !important;}&#8221;][vc_column_text]<\/p>\n<h4><\/h4>\n<h4><em>I decided to study #Linguaggi because I knew I couldn\u2019t silence my inner love for the #Arts and the #Humanities. I like scientific subjects, but I know that that isn\u2019t what I want to dedicate my life to, I know I was born to do something else, something artistic. In the future I\u2019d like to study cinema and this #Bachelor\u2019sDegree is a good starting point. <\/em><\/h4>\n<h4>#DontGiveUpOnYourPassions<\/h4>\n<h4><strong>Paola Limaj, Lettere (Linguaggi)<\/strong><\/h4>\n<p>[\/vc_column_text][\/vc_column][\/vc_row][vc_row][vc_column css=&#8221;.vc_custom_1618301212893{background-color: #0071bc !important;}&#8221;][vc_column_text]<\/p>\n<h4><\/h4>\n<h4><em>#Classics are important for me because I can learn from the mistakes of others. The #Greek language is curious because there is a different alphabet, and also because from that language we can understand the Greeks&#8217; way of thinking. Moreover, some Italian words derive from their language. In this way we can improve ourselves. <\/em><\/h4>\n<h4>#AncientGreeksintheModernWorld<\/h4>\n<h4><strong>Serena Borrelli, Lettere (Classiche)<\/strong><\/h4>\n<p>[\/vc_column_text][\/vc_column][\/vc_row][vc_row][vc_column css=&#8221;.vc_custom_1618301120377{background-color: #f39200 !important;}&#8221;][vc_column_text]<\/p>\n<h4><\/h4>\n<h4><em>I chose #LettereModerne because I love to write poems, stories and articles for #Literature blogs; My dream is to publish a novel one day.<\/em><\/h4>\n<h4>#LiteraturetoLearntoDream<\/h4>\n<h4><strong>Davide Fiorentini, Lettere (Moderne)<\/strong><\/h4>\n<p>[\/vc_column_text][\/vc_column][\/vc_row][vc_row][vc_column css=&#8221;.vc_custom_1618301212893{background-color: #0071bc !important;}&#8221;][vc_column_text]<\/p>\n<h4><\/h4>\n<h4><em>I chose #Linguaggi because this is the course that best embodies my love for acting and the theatre world; also, I have always been curious about the history of music, the Italian language and such, so\u00a0#hereIam<\/em><\/h4>\n<h4><strong>Diego Ciaschetti, Lettere (Linguaggi)<\/strong><\/h4>\n<p>[\/vc_column_text][\/vc_column][\/vc_row][vc_row][vc_column css=&#8221;.vc_custom_1618301120377{background-color: #f39200 !important;}&#8221;][vc_column_text]<\/p>\n<h4><\/h4>\n<h4><em>#Classics helped me improve my thinking patterns and the way I act as a human. By translating, I become more aware of my #Identity. I believe the knowledge I gain makes me deeply understand and define my identity, both as a student and a citizen. <\/em><\/h4>\n<h4>#ancientforfuture #antiquityforfuture<\/h4>\n<h4><strong>Chiara Staniscia, Lettere (Classiche)<\/strong><\/h4>\n<p>[\/vc_column_text][\/vc_column][\/vc_row][vc_row][vc_column css=&#8221;.vc_custom_1618301212893{background-color: #0071bc !important;}&#8221;][vc_column_text]<\/p>\n<h4><\/h4>\n<h4><em>La parola che meglio esprime la motivazione pi\u00f9 profonda del mio percorso di studi \u00e8\u00a0\u03b5\u1f51\u03c1\u03af\u03c3\u03ba\u03c9\u00a0ovvero &#8220;scoprire&#8221;: cio\u00e8 la volont\u00e0 di scoprire la cultura, sia greca che latina, a noi tanto vicina.<\/em><\/h4>\n<h4><strong>Pietro Marinangeli &#8211; L.M. Filologia linguistica e letteratura del mondo antico<\/strong><\/h4>\n<p>[\/vc_column_text][\/vc_column][\/vc_row][vc_row][vc_column css=&#8221;.vc_custom_1618301120377{background-color: #f39200 !important;}&#8221;][vc_column_text]<\/p>\n<h4><\/h4>\n<p>&nbsp;<\/p>\n<h4><em>Know your #Identity: that\u2019s why I have chosen to study #Linguaggi della musica, dello spettacolo e dei media. These subjects may be a great way to search for and improve yourself. You should try!<\/em><\/h4>\n<h4>#HumanitiesForNewHumans<\/h4>\n<h4><strong>Mariaelisa Cardone, Lettere (Linguaggi)<\/strong><\/h4>\n<p>[\/vc_column_text][\/vc_column][\/vc_row][vc_row][vc_column css=&#8221;.vc_custom_1618301212893{background-color: #0071bc !important;}&#8221;][vc_column_text]<\/p>\n<h4><\/h4>\n<h4><em>La #CulturaClassica \u00e8 la chiave di lettura pi\u00f9 preziosa in nostro possesso per comprendere la complessit\u00e0 del mondo circostante e di noi stessi. \u00c8 grazie allo studio e all\u2019analisi del passato, da cui non possiamo prescindere e di cui siamo frutto, che forgiamo la nostra identit\u00e0 nel presente e, attraverso gli esempi del passato,poniamo le basi per il futuro. <\/em><\/h4>\n<h4>#ancientforfuture<\/h4>\n<h4><strong>Giada Fan\u00e0<\/strong><\/h4>\n<p>[\/vc_column_text][\/vc_column][\/vc_row][vc_row][vc_column css=&#8221;.vc_custom_1618301120377{background-color: #f39200 !important;}&#8221;][vc_column_text]<\/p>\n<h4><em>Perch\u00e9 scegliere gli #StudiClassici? Perch\u00e9 hanno la straordinaria capacit\u00e0 di catapultarci in un universo fatto di valori, arte, storia e meraviglie del passato, abbattendo le distanze temporali e facendoci entrare in contatto con la cultura e la realt\u00e0 di chi ci ha preceduto. Per me, lo studio del greco in particolare \u00e8 stato ed \u00e8 tuttora un percorso complesso, ma anche il viaggio pi\u00f9 sorprendente che potessi intraprendere e un autentico &#8220;possesso per sempre.&#8221;<\/em><\/h4>\n<h4>#StayClassicStayHuman #\u03b5\u1f55\u03c1\u03b7\u03ba\u03b1DiLASS<\/h4>\n<h4><strong>Federica Ricciuti &#8211; Filologia, letterature e storia dell&#8217;antichit\u00e0<\/strong><\/h4>\n<p>[\/vc_column_text][\/vc_column][\/vc_row][vc_row][vc_column css=&#8221;.vc_custom_1618301212893{background-color: #0071bc !important;}&#8221;][vc_column_text]<\/p>\n<h4><\/h4>\n<h4><em>To me, #Literature is the sharpest tool we have to recognize ourselves in others. Our #Mind lives and prospers through stories. To live is to be awake and aware, because you become what you think. Therefore, poems and novels contain the best thoughts, and the best truths. <\/em><\/h4>\n<h4><em>#vitavigiliaest<\/em><\/h4>\n<h4><strong>Lorenzo La Rovere, Lettere (Linguaggi)<\/strong><\/h4>\n<p>[\/vc_column_text][\/vc_column][\/vc_row][vc_row][vc_column css=&#8221;.vc_custom_1618301120377{background-color: #f39200 !important;}&#8221;][vc_column_text]<\/p>\n<h4><\/h4>\n<h4><i>Ho scelto la facolt\u00e0 di #LettereClassiche,\u00a0perch\u00e9\u00a0credo che il mondo antico sia un ottimo manuale per comprendere i meccanismi che regolano il presente. In questo, non c&#8217;\u00e8 nulla di pi\u00f9 attuale del passato. Un buon classico, non a caso, attraversando lo spazio e il tempo, ha sempre qualcosa di diverso da comunicare, in qualsiasi epoca, a ciascun lettore. E&#8217; leggero, senza tempo ed eterno.<\/i><\/h4>\n<h4><strong>Martina Pasho &#8211; LM Filologia, linguistica e letteratura del mondo antico<\/strong><\/h4>\n<p>[\/vc_column_text][\/vc_column][\/vc_row][vc_row][vc_column css=&#8221;.vc_custom_1618301212893{background-color: #0071bc !important;}&#8221;][vc_column_text]<\/p>\n<h4><\/h4>\n<h4><em>#Humanities are for all those who want to understand the way to express their own #Identity as individuals and as a part of society. Nowadays, more than even, #Literature represents a new sense of global belonging and shared ideals in a new worldwide ideal community. <\/em><\/h4>\n<h4>#findyourkind<\/h4>\n<h4><strong>Chiara Placido, Lettere (Moderne)<\/strong><\/h4>\n<p>[\/vc_column_text][\/vc_column][\/vc_row][vc_row][vc_column css=&#8221;.vc_custom_1618301120377{background-color: #f39200 !important;}&#8221;][vc_column_text]<\/p>\n<h4><\/h4>\n<h4><em>Scoprire a sessantassei anni che il Mondo classico<\/em><\/h4>\n<h4><em>che da ragazzo avevi a lungo cos\u00ec mal sopportato,<\/em><\/h4>\n<h4><em>pu\u00f2 persino dare senso al tempo che rimane?<\/em><\/h4>\n<h4><em>Se per Pindaro &#8220;sogno di un&#8217;ombra \u00e8 l&#8217;uomo&#8221;<\/em><\/h4>\n<h4><em>che siano le lettere classiche &#8220;la luce che fulgida risplende sull&#8217;uomo&#8221; ?\u00a0<\/em><\/h4>\n<h4><strong>Giorgio, insegnante e alunno<\/strong><\/h4>\n<p>[\/vc_column_text][\/vc_column][\/vc_row]<\/p>\n<\/div>","protected":false},"excerpt":{"rendered":"<p>[vc_row full_width=&#8221;stretch_row_content_no_spaces&#8221; content_placement=&#8221;top&#8221; css=&#8221;.vc_custom_1594824915161{background-color: #ffffff !important;}&#8221;][vc_column css=&#8221;.vc_custom_1595950449185{background-color: #2c304e !important;}&#8221;][vc_row_inner content_placement=&#8221;middle&#8221; css=&#8221;.vc_custom_1594825652727{padding-right: 5% !important;padding-left: 5% !important;}&#8221;][vc_column_inner][vc_empty_space height=&#8221;100px&#8221;][vc_custom_heading text=&#8221;Tweet&#8221; font_container=&#8221;tag:h1|text_align:left|color:%23ffffff&#8221; google_fonts=&#8221;font_family:Playfair%20Display%3Aregular%2Citalic%2C700%2C700italic%2C900%2C900italic|font_style:400%20regular%3A400%3Anormal&#8221;][vc_empty_space height=&#8221;80px&#8221;][\/vc_column_inner][\/vc_row_inner][\/vc_column][\/vc_row][vc_row][vc_column][vc_column_text] #HoSceltoDiLASS \u00a0\u00a0\u00a0\u00a0 #\u03b5\u1f55\u03c1\u03b7\u03ba\u03b1DiLASS #Studying@DiLASS \u00a0 Gli studenti del DiLASS si raccontano in un #Tweet: la loro esperienza in un progetto multilingue [\/vc_column_text][\/vc_column][\/vc_row][vc_row][vc_column css=&#8221;.vc_custom_1618301212893{background-color: #0071bc !important;}&#8221;][vc_column_text] Con l&#8217;occhio critico del filologo, ma con l&#8217;umanit\u00e0 e la [&hellip;]<\/p>\n","protected":false},"author":5,"featured_media":0,"parent":0,"menu_order":0,"comment_status":"closed","ping_status":"closed","template":"","meta":{"inline_featured_image":false,"footnotes":""},"class_list":["post-4014","page","type-page","status-publish","hentry"],"_links":{"self":[{"href":"https:\/\/www.dilass.it\/studentforaday\/wp-json\/wp\/v2\/pages\/4014","targetHints":{"allow":["GET"]}}],"collection":[{"href":"https:\/\/www.dilass.it\/studentforaday\/wp-json\/wp\/v2\/pages"}],"about":[{"href":"https:\/\/www.dilass.it\/studentforaday\/wp-json\/wp\/v2\/types\/page"}],"author":[{"embeddable":true,"href":"https:\/\/www.dilass.it\/studentforaday\/wp-json\/wp\/v2\/users\/5"}],"replies":[{"embeddable":true,"href":"https:\/\/www.dilass.it\/studentforaday\/wp-json\/wp\/v2\/comments?post=4014"}],"version-history":[{"count":0,"href":"https:\/\/www.dilass.it\/studentforaday\/wp-json\/wp\/v2\/pages\/4014\/revisions"}],"wp:attachment":[{"href":"https:\/\/www.dilass.it\/studentforaday\/wp-json\/wp\/v2\/media?parent=4014"}],"curies":[{"name":"wp","href":"https:\/\/api.w.org\/{rel}","templated":true}]}}